{"id":10,"date":"2024-02-29T16:22:13","date_gmt":"2024-02-29T15:22:13","guid":{"rendered":"https:\/\/veterinaire-walravens.be\/?page_id=10"},"modified":"2024-03-01T19:26:58","modified_gmt":"2024-03-01T18:26:58","slug":"cabinet-veterinaire-p-walravens","status":"publish","type":"page","link":"https:\/\/veterinaire-walravens.be\/","title":{"rendered":"Cabinet v\u00e9t\u00e9rinaire P. Walravens"},"content":{"rendered":"<p>[et_pb_section fb_built=&#8221;1&#8243; admin_label=&#8221;Header&#8221; _builder_version=&#8221;4.23.1&#8243; _module_preset=&#8221;default&#8221; background_color=&#8221;gcid-d214ab81-0383-475f-b48e-2c27b44bd017&#8243; overflow-x=&#8221;hidden&#8221; overflow-y=&#8221;hidden&#8221; collapsed=&#8221;on&#8221; global_colors_info=&#8221;{%22gcid-d214ab81-0383-475f-b48e-2c27b44bd017%22:%91%22background_color%22%93}&#8221;][et_pb_row column_structure=&#8221;1_2,1_2&#8243; make_equal=&#8221;on&#8221; _builder_version=&#8221;4.23.1&#8243; _module_preset=&#8221;default&#8221; custom_padding=&#8221;||0px|||&#8221; global_colors_info=&#8221;{}&#8221;][et_pb_column type=&#8221;1_2&#8243; _builder_version=&#8221;4.23.1&#8243; _module_preset=&#8221;default&#8221; z_index=&#8221;10&#8243; global_colors_info=&#8221;{}&#8221;][et_pb_text _builder_version=&#8221;4.23.1&#8243; _module_preset=&#8221;71339822-e7d9-4a04-83a6-06d7cdf576d8&#8243; text_orientation=&#8221;center&#8221; custom_margin=&#8221;||10px||false|false&#8221; global_colors_info=&#8221;{}&#8221;]<\/p>\n<h1>Cabinet v\u00e9t\u00e9rinaire P. Walravens<\/h1>\n<p>[\/et_pb_text][et_pb_text _builder_version=&#8221;4.23.1&#8243; _module_preset=&#8221;e2b33333-e87b-4307-ad9d-d5d1635f30a9&#8243; text_orientation=&#8221;center&#8221; min_height=&#8221;76px&#8221; custom_padding=&#8221;|21px|0px|||&#8221; locked=&#8221;off&#8221; global_colors_info=&#8221;{}&#8221;]<\/p>\n<h4>V\u00e9t\u00e9rinaire \u00e0 Lessines &#8211; Deux-Acren<\/h4>\n<h4>Chemin de Mons \u00e0 Gand 172, Lessines<\/h4>\n<p>[\/et_pb_text][et_pb_button button_url=&#8221;tel:%200494457535&#8243; button_text=&#8221;Appeler le 0494 45 75 35&#8243; button_alignment=&#8221;center&#8221; admin_label=&#8221;Click to call&#8221; _builder_version=&#8221;4.24.2&#8243; _module_preset=&#8221;default&#8221; custom_button=&#8221;on&#8221; button_text_color=&#8221;#0C71C3&#8243; global_colors_info=&#8221;{}&#8221;][\/et_pb_button][\/et_pb_column][et_pb_column type=&#8221;1_2&#8243; _builder_version=&#8221;4.23.1&#8243; _module_preset=&#8221;default&#8221; global_colors_info=&#8221;{}&#8221;][et_pb_image src=&#8221;http:\/\/veterinaire-walravens.be\/wp-content\/uploads\/2024\/02\/pet-trainer-illustration-14@2x.png&#8221; title_text=&#8221;pet-trainer-illustration-14@2x&#8221; _builder_version=&#8221;4.24.2&#8243; _module_preset=&#8221;default&#8221; transform_translate_linked=&#8221;off&#8221; max_width=&#8221;114px&#8221; custom_margin=&#8221;|||-10%|false|false&#8221; custom_padding=&#8221;|0px||||&#8221; global_colors_info=&#8221;{}&#8221;][\/et_pb_image][\/et_pb_column][\/et_pb_row][\/et_pb_section][et_pb_section fb_built=&#8221;1&#8243; admin_label=&#8221;Footer&#8221; _builder_version=&#8221;4.23.1&#8243; _module_preset=&#8221;default&#8221; background_color=&#8221;gcid-8ce98ce1-4460-49e4-9cd7-b148b47c216c&#8221; background_image=&#8221;http:\/\/veterinaire-walravens.be\/wp-content\/uploads\/2024\/02\/pet-trainer-illustration-14@3x.png&#8221; background_size=&#8221;custom&#8221; background_image_width=&#8221;8%&#8221; background_position=&#8221;bottom_right&#8221; background_horizontal_offset=&#8221;30px&#8221; background_vertical_offset=&#8221;30px&#8221; saved_tabs=&#8221;all&#8221; collapsed=&#8221;on&#8221; global_colors_info=&#8221;{%22gcid-8ce98ce1-4460-49e4-9cd7-b148b47c216c%22:%91%22background_color%22%93}&#8221;][et_pb_row column_structure=&#8221;1_4,1_4,1_4,1_4&#8243; _builder_version=&#8221;4.23.1&#8243; _module_preset=&#8221;default&#8221; global_colors_info=&#8221;{}&#8221;][et_pb_column type=&#8221;1_4&#8243; _builder_version=&#8221;4.23.1&#8243; _module_preset=&#8221;default&#8221; global_colors_info=&#8221;{}&#8221;][et_pb_text _builder_version=&#8221;4.23.1&#8243; _module_preset=&#8221;52c23a7a-4296-4db6-be1c-4294dca63213&#8243; custom_padding=&#8221;|2px||||&#8221; global_colors_info=&#8221;{}&#8221;]<\/p>\n<h2><span style=\"font-size: xx-large;\">Contact<\/span><\/h2>\n<p>[\/et_pb_text][et_pb_image src=&#8221;http:\/\/veterinaire-walravens.be\/wp-content\/uploads\/2024\/02\/pet-trainer-illustration-12@2x.png&#8221; title_text=&#8221;pet-trainer-illustration-12@2x&#8221; _builder_version=&#8221;4.23.1&#8243; _module_preset=&#8221;default&#8221; custom_margin=&#8221;|||-20vw|false|false&#8221; global_colors_info=&#8221;{}&#8221;][\/et_pb_image][\/et_pb_column][et_pb_column type=&#8221;1_4&#8243; _builder_version=&#8221;4.23.1&#8243; _module_preset=&#8221;default&#8221; global_colors_info=&#8221;{}&#8221;][et_pb_text _builder_version=&#8221;4.23.1&#8243; _module_preset=&#8221;4e33c0ce-ee89-4f4c-9250-40df9a261c86&#8243; custom_margin=&#8221;||10px||false|false&#8221; global_colors_info=&#8221;{}&#8221;]<\/p>\n<h5>T\u00e9l\u00e9phone<\/h5>\n<p>[\/et_pb_text][et_pb_text _builder_version=&#8221;4.23.1&#8243; _module_preset=&#8221;e2b33333-e87b-4307-ad9d-d5d1635f30a9&#8243; text_font=&#8221;|700|||||||&#8221; text_text_color=&#8221;#000000&#8243; link_text_color=&#8221;#000000&#8243; custom_margin=&#8221;||20px||false|false&#8221; global_colors_info=&#8221;{}&#8221;]<\/p>\n<p>0494 45 75 35<\/p>\n<p>[\/et_pb_text][et_pb_text _builder_version=&#8221;4.24.2&#8243; _module_preset=&#8221;e2b33333-e87b-4307-ad9d-d5d1635f30a9&#8243; text_font=&#8221;|700|||||||&#8221; text_text_color=&#8221;#000000&#8243; link_text_color=&#8221;#000000&#8243; custom_margin=&#8221;||20px||false|false&#8221; global_colors_info=&#8221;{}&#8221;]<\/p>\n<p>Adresse:<\/p>\n<p>[\/et_pb_text][et_pb_text _builder_version=&#8221;4.23.1&#8243; _module_preset=&#8221;e2b33333-e87b-4307-ad9d-d5d1635f30a9&#8243; text_font=&#8221;||||||||&#8221; link_text_color=&#8221;#000000&#8243; custom_margin=&#8221;||20px||false|false&#8221; global_colors_info=&#8221;{}&#8221;]<\/p>\n<p>Chemin de Mons \u00e0 Gand 172, 7860 Lessines<\/p>\n<p>[\/et_pb_text][\/et_pb_column][et_pb_column type=&#8221;1_4&#8243; _builder_version=&#8221;4.23.1&#8243; _module_preset=&#8221;default&#8221; global_colors_info=&#8221;{}&#8221;][et_pb_text _builder_version=&#8221;4.23.1&#8243; _module_preset=&#8221;e2b33333-e87b-4307-ad9d-d5d1635f30a9&#8243; text_font=&#8221;|700|||||||&#8221; text_text_color=&#8221;#000000&#8243; link_text_color=&#8221;#000000&#8243; custom_margin=&#8221;||0px||false|false&#8221; global_colors_info=&#8221;{}&#8221;]<\/p>\n<p>Lundi au vendredi<\/p>\n<p>[\/et_pb_text][et_pb_text _builder_version=&#8221;4.23.1&#8243; _module_preset=&#8221;e2b33333-e87b-4307-ad9d-d5d1635f30a9&#8243; text_font=&#8221;||||||||&#8221; link_text_color=&#8221;#000000&#8243; custom_margin=&#8221;||20px||false|false&#8221; global_colors_info=&#8221;{}&#8221;]<\/p>\n<p>9:00 &#8211; 18:00<\/p>\n<p>[\/et_pb_text][et_pb_text _builder_version=&#8221;4.24.2&#8243; _module_preset=&#8221;e2b33333-e87b-4307-ad9d-d5d1635f30a9&#8243; text_font=&#8221;|700|||||||&#8221; text_text_color=&#8221;#000000&#8243; link_text_color=&#8221;#000000&#8243; custom_margin=&#8221;|-87px|0px||false|false&#8221; hover_enabled=&#8221;0&#8243; global_colors_info=&#8221;{}&#8221; text_font_size=&#8221;19px&#8221; sticky_enabled=&#8221;0&#8243;]<\/p>\n<p>Consultation sur rendez-vous<\/p>\n<p>[\/et_pb_text][et_pb_text _builder_version=&#8221;4.24.2&#8243; _module_preset=&#8221;e2b33333-e87b-4307-ad9d-d5d1635f30a9&#8243; text_font=&#8221;||||||||&#8221; link_text_color=&#8221;#000000&#8243; custom_margin=&#8221;||20px||false|false&#8221; global_colors_info=&#8221;{}&#8221;][\/et_pb_text][et_pb_code _builder_version=&#8221;4.24.2&#8243; _module_preset=&#8221;default&#8221; min_height=&#8221;360.8px&#8221; custom_margin=&#8221;|-205px||||&#8221; link_option_url=&#8221;https:\/\/maps.app.goo.gl\/c8mbrYC8uft6R1447&#8243; global_colors_info=&#8221;{}&#8221;]<iframe src=\"https:\/\/www.google.com\/maps\/embed?pb=!1m14!1m8!1m3!1d2250.4062071752!2d3.8534762681009904!3d50.720022813421906!3m2!1i1024!2i768!4f13.1!3m3!1m2!1s0x47c3a923808fab01%3A0xf449361cd88d3de0!2sCabinet%20v%C3%A9t%C3%A9rinaire%20P.%20Walravens!5e0!3m2!1sfr!2sbe!4v1709222503696!5m2!1sfr!2sbe\" width=\"600\" height=\"450\" style=\"border:0;\" allowfullscreen=\"\" loading=\"lazy\" referrerpolicy=\"no-referrer-when-downgrade\"><\/iframe>[\/et_pb_code][\/et_pb_column][et_pb_column type=&#8221;1_4&#8243; _builder_version=&#8221;4.23.1&#8243; _module_preset=&#8221;default&#8221; global_colors_info=&#8221;{}&#8221;][\/et_pb_column][\/et_pb_row][\/et_pb_section]<\/p>\n","protected":false},"excerpt":{"rendered":"<p>Cabinet v\u00e9t\u00e9rinaire P. WalravensV\u00e9t\u00e9rinaire \u00e0 Lessines &#8211; Deux-Acren Chemin de Mons \u00e0 Gand 172, LessinesContactT\u00e9l\u00e9phone0494 45 75 35Adresse:Chemin de Mons \u00e0 Gand 172, 7860 LessinesLundi au vendredi9:00 &#8211; 18:00Consultation sur rendez-vous<\/p>\n","protected":false},"author":1,"featured_media":0,"parent":0,"menu_order":0,"comment_status":"closed","ping_status":"closed","template":"","meta":{"_et_pb_use_builder":"on","_et_pb_old_content":"","_et_gb_content_width":"","footnotes":""},"class_list":["post-10","page","type-page","status-publish","hentry"],"_links":{"self":[{"href":"https:\/\/veterinaire-walravens.be\/index.php\/wp-json\/wp\/v2\/pages\/10","targetHints":{"allow":["GET"]}}],"collection":[{"href":"https:\/\/veterinaire-walravens.be\/index.php\/wp-json\/wp\/v2\/pages"}],"about":[{"href":"https:\/\/veterinaire-walravens.be\/index.php\/wp-json\/wp\/v2\/types\/page"}],"author":[{"embeddable":true,"href":"https:\/\/veterinaire-walravens.be\/index.php\/wp-json\/wp\/v2\/users\/1"}],"replies":[{"embeddable":true,"href":"https:\/\/veterinaire-walravens.be\/index.php\/wp-json\/wp\/v2\/comments?post=10"}],"version-history":[{"count":12,"href":"https:\/\/veterinaire-walravens.be\/index.php\/wp-json\/wp\/v2\/pages\/10\/revisions"}],"predecessor-version":[{"id":60,"href":"https:\/\/veterinaire-walravens.be\/index.php\/wp-json\/wp\/v2\/pages\/10\/revisions\/60"}],"wp:attachment":[{"href":"https:\/\/veterinaire-walravens.be\/index.php\/wp-json\/wp\/v2\/media?parent=10"}],"curies":[{"name":"wp","href":"https:\/\/api.w.org\/{rel}","templated":true}]}}